{"id":45499,"date":"2026-03-01T22:10:26","date_gmt":"2026-03-01T22:10:26","guid":{"rendered":"https:\/\/dino.md\/index.php\/product\/%d1%82%d0%b5%d0%bb%d0%b5%d0%b6%d0%ba%d0%b0-%d0%b4%d0%bb%d1%8f-%d0%bf%d0%be%d0%ba%d1%83%d0%bf%d0%be%d0%ba-59899-59899\/"},"modified":"2026-03-27T17:51:00","modified_gmt":"2026-03-27T15:51:00","slug":"%d1%82%d0%b5%d0%bb%d0%b5%d0%b6%d0%ba%d0%b0-%d0%b4%d0%bb%d1%8f-%d0%bf%d0%be%d0%ba%d1%83%d0%bf%d0%be%d0%ba-59899-59899","status":"publish","type":"product","link":"https:\/\/dino.md\/ro\/produs\/%d1%82%d0%b5%d0%bb%d0%b5%d0%b6%d0%ba%d0%b0-%d0%b4%d0%bb%d1%8f-%d0%bf%d0%be%d0%ba%d1%83%d0%bf%d0%be%d0%ba-59899-59899\/","title":{"rendered":"C\u0103rucior de cump\u0103r\u0103turi 59899"},"content":{"rendered":"","protected":false},"excerpt":{"rendered":"","protected":false},"featured_media":52851,"comment_status":"open","ping_status":"closed","template":"","meta":[],"product_brand":[],"product_cat":[818],"product_tag":[1183],"class_list":{"0":"post-45499","1":"product","2":"type-product","3":"status-publish","4":"has-post-thumbnail","6":"product_cat-818","7":"product_tag-1183","10":"first","11":"instock","12":"taxable","13":"shipping-taxable","14":"purchasable","15":"product-type-simple"},"_links":{"self":[{"href":"https:\/\/dino.md\/ro\/wp-json\/wp\/v2\/product\/45499","targetHints":{"allow":["GET"]}}],"collection":[{"href":"https:\/\/dino.md\/ro\/wp-json\/wp\/v2\/product"}],"about":[{"href":"https:\/\/dino.md\/ro\/wp-json\/wp\/v2\/types\/product"}],"replies":[{"embeddable":true,"href":"https:\/\/dino.md\/ro\/wp-json\/wp\/v2\/comments?post=45499"}],"version-history":[{"count":0,"href":"https:\/\/dino.md\/ro\/wp-json\/wp\/v2\/product\/45499\/revisions"}],"wp:featuredmedia":[{"embeddable":true,"href":"https:\/\/dino.md\/ro\/wp-json\/wp\/v2\/media\/52851"}],"wp:attachment":[{"href":"https:\/\/dino.md\/ro\/wp-json\/wp\/v2\/media?parent=45499"}],"wp:term":[{"taxonomy":"product_brand","embeddable":true,"href":"https:\/\/dino.md\/ro\/wp-json\/wp\/v2\/product_brand?post=45499"},{"taxonomy":"product_cat","embeddable":true,"href":"https:\/\/dino.md\/ro\/wp-json\/wp\/v2\/product_cat?post=45499"},{"taxonomy":"product_tag","embeddable":true,"href":"https:\/\/dino.md\/ro\/wp-json\/wp\/v2\/product_tag?post=45499"}],"curies":[{"name":"wp","href":"https:\/\/api.w.org\/{rel}","templated":true}]}}