{"id":47164,"date":"2026-03-01T22:15:11","date_gmt":"2026-03-01T22:15:11","guid":{"rendered":"https:\/\/dino.md\/index.php\/product\/%d0%bd%d0%b0%d0%b1%d0%be%d1%80-%d0%b4%d0%bb%d1%8f-%d0%ba%d1%83%d1%85%d0%bd%d0%b8-3-%d0%b2-1-49-%d1%88%d1%82-%d0%b8%d0%bd%d1%81%d1%82%d1%80%d1%83%d0%ba%d1%86%d0%b8%d1%8f-%d0%bd%d0%b0-%d1%80%d1%83\/"},"modified":"2026-03-27T17:55:17","modified_gmt":"2026-03-27T15:55:17","slug":"%d0%bd%d0%b0%d0%b1%d0%be%d1%80-%d0%b4%d0%bb%d1%8f-%d0%ba%d1%83%d1%85%d0%bd%d0%b8-3-%d0%b2-1-49-%d1%88%d1%82-%d0%b8%d0%bd%d1%81%d1%82%d1%80%d1%83%d0%ba%d1%86%d0%b8%d1%8f-%d0%bd%d0%b0-%d1%80%d1%83","status":"publish","type":"product","link":"https:\/\/dino.md\/ro\/produs\/%d0%bd%d0%b0%d0%b1%d0%be%d1%80-%d0%b4%d0%bb%d1%8f-%d0%ba%d1%83%d1%85%d0%bd%d0%b8-3-%d0%b2-1-49-%d1%88%d1%82-%d0%b8%d0%bd%d1%81%d1%82%d1%80%d1%83%d0%ba%d1%86%d0%b8%d1%8f-%d0%bd%d0%b0-%d1%80%d1%83\/","title":{"rendered":"Set de buc\u0103t\u0103rie 3 \u00een 1 (49 buc.) (instruc\u021biuni \u00een limba rom\u00e2n\u0103) 72248"},"content":{"rendered":"","protected":false},"excerpt":{"rendered":"","protected":false},"featured_media":51185,"comment_status":"open","ping_status":"closed","template":"","meta":[],"product_brand":[],"product_cat":[817],"product_tag":[1116],"class_list":{"0":"post-47164","1":"product","2":"type-product","3":"status-publish","4":"has-post-thumbnail","6":"product_cat-817","7":"product_tag-1116","10":"first","11":"instock","12":"taxable","13":"shipping-taxable","14":"purchasable","15":"product-type-simple"},"_links":{"self":[{"href":"https:\/\/dino.md\/ro\/wp-json\/wp\/v2\/product\/47164","targetHints":{"allow":["GET"]}}],"collection":[{"href":"https:\/\/dino.md\/ro\/wp-json\/wp\/v2\/product"}],"about":[{"href":"https:\/\/dino.md\/ro\/wp-json\/wp\/v2\/types\/product"}],"replies":[{"embeddable":true,"href":"https:\/\/dino.md\/ro\/wp-json\/wp\/v2\/comments?post=47164"}],"version-history":[{"count":0,"href":"https:\/\/dino.md\/ro\/wp-json\/wp\/v2\/product\/47164\/revisions"}],"wp:featuredmedia":[{"embeddable":true,"href":"https:\/\/dino.md\/ro\/wp-json\/wp\/v2\/media\/51185"}],"wp:attachment":[{"href":"https:\/\/dino.md\/ro\/wp-json\/wp\/v2\/media?parent=47164"}],"wp:term":[{"taxonomy":"product_brand","embeddable":true,"href":"https:\/\/dino.md\/ro\/wp-json\/wp\/v2\/product_brand?post=47164"},{"taxonomy":"product_cat","embeddable":true,"href":"https:\/\/dino.md\/ro\/wp-json\/wp\/v2\/product_cat?post=47164"},{"taxonomy":"product_tag","embeddable":true,"href":"https:\/\/dino.md\/ro\/wp-json\/wp\/v2\/product_tag?post=47164"}],"curies":[{"name":"wp","href":"https:\/\/api.w.org\/{rel}","templated":true}]}}