{"id":47849,"date":"2026-03-01T22:17:09","date_gmt":"2026-03-01T22:17:09","guid":{"rendered":"https:\/\/dino.md\/index.php\/product\/%d0%bd%d0%b0%d0%b1%d0%be%d1%80-%d0%ba%d1%83%d1%85%d0%bd%d0%b8-%d0%b8%d0%bd%d1%81%d1%82%d1%80%d1%83%d0%ba%d1%86%d0%b8%d1%8f-%d0%bd%d0%b0-%d1%80%d1%83%d0%bc%d1%8b%d0%bd%d1%81%d0%ba%d0%be%d0%bc-72340-d\/"},"modified":"2026-03-27T17:56:46","modified_gmt":"2026-03-27T15:56:46","slug":"%d0%bd%d0%b0%d0%b1%d0%be%d1%80-%d0%ba%d1%83%d1%85%d0%bd%d0%b8-%d0%b8%d0%bd%d1%81%d1%82%d1%80%d1%83%d0%ba%d1%86%d0%b8%d1%8f-%d0%bd%d0%b0-%d1%80%d1%83%d0%bc%d1%8b%d0%bd%d1%81%d0%ba%d0%be%d0%bc-72340-d","status":"publish","type":"product","link":"https:\/\/dino.md\/ro\/produs\/%d0%bd%d0%b0%d0%b1%d0%be%d1%80-%d0%ba%d1%83%d1%85%d0%bd%d0%b8-%d0%b8%d0%bd%d1%81%d1%82%d1%80%d1%83%d0%ba%d1%86%d0%b8%d1%8f-%d0%bd%d0%b0-%d1%80%d1%83%d0%bc%d1%8b%d0%bd%d1%81%d0%ba%d0%be%d0%bc-72340-d\/","title":{"rendered":"Set de buc\u0103t\u0103rie (instruc\u021biuni \u00een limba rom\u00e2n\u0103) 72340"},"content":{"rendered":"","protected":false},"excerpt":{"rendered":"","protected":false},"featured_media":50499,"comment_status":"open","ping_status":"closed","template":"","meta":[],"product_brand":[],"product_cat":[817],"product_tag":[1116],"class_list":{"0":"post-47849","1":"product","2":"type-product","3":"status-publish","4":"has-post-thumbnail","6":"product_cat-817","7":"product_tag-1116","10":"first","11":"instock","12":"taxable","13":"shipping-taxable","14":"purchasable","15":"product-type-simple"},"_links":{"self":[{"href":"https:\/\/dino.md\/ro\/wp-json\/wp\/v2\/product\/47849","targetHints":{"allow":["GET"]}}],"collection":[{"href":"https:\/\/dino.md\/ro\/wp-json\/wp\/v2\/product"}],"about":[{"href":"https:\/\/dino.md\/ro\/wp-json\/wp\/v2\/types\/product"}],"replies":[{"embeddable":true,"href":"https:\/\/dino.md\/ro\/wp-json\/wp\/v2\/comments?post=47849"}],"version-history":[{"count":0,"href":"https:\/\/dino.md\/ro\/wp-json\/wp\/v2\/product\/47849\/revisions"}],"wp:featuredmedia":[{"embeddable":true,"href":"https:\/\/dino.md\/ro\/wp-json\/wp\/v2\/media\/50499"}],"wp:attachment":[{"href":"https:\/\/dino.md\/ro\/wp-json\/wp\/v2\/media?parent=47849"}],"wp:term":[{"taxonomy":"product_brand","embeddable":true,"href":"https:\/\/dino.md\/ro\/wp-json\/wp\/v2\/product_brand?post=47849"},{"taxonomy":"product_cat","embeddable":true,"href":"https:\/\/dino.md\/ro\/wp-json\/wp\/v2\/product_cat?post=47849"},{"taxonomy":"product_tag","embeddable":true,"href":"https:\/\/dino.md\/ro\/wp-json\/wp\/v2\/product_tag?post=47849"}],"curies":[{"name":"wp","href":"https:\/\/api.w.org\/{rel}","templated":true}]}}